{"id":11,"date":"2023-06-18T10:18:11","date_gmt":"2023-06-18T10:18:11","guid":{"rendered":"http:\/\/193.194.89.179\/wp_liforce\/?page_id=11"},"modified":"2026-04-08T13:40:45","modified_gmt":"2026-04-08T13:40:45","slug":"activites","status":"publish","type":"page","link":"https:\/\/liforce.usthb.dz\/index.php\/activites\/","title":{"rendered":"Activit\u00e9s"},"content":{"rendered":"\n<p>\u200b<\/p>\n\n\n\n<h3 class=\"wp-block-heading has-pale-ocean-gradient-background has-background\">&nbsp;Journ\u00e9es du Laboratoire JoLIFORCE&nbsp;:<\/h3>\n\n\n\n<p>La premi\u00e8re \u00e9dition des journ\u00e9es scientifiques du laboratoire L\u2019IFORCE, JoLIFORCE\u20192014, a \u00e9t\u00e9 organis\u00e9e en partenariat avec l\u2019Institut Sup\u00e9rieur de Gestion et de Planification (ISGP).<\/p>\n\n\n\n<p>Ces journ\u00e9es se sont d\u00e9roul\u00e9es le lundi 30 Novembre et le mardi 01 d\u00e9cembre 2014 o\u00f9 il a \u00e9t\u00e9 retenu 02 conf\u00e9rences pl\u00e9ni\u00e8res et 15 communications orales.<\/p>\n\n\n\n<p>Cliquer ici pour t\u00e9l\u00e9charger l\u2019<a href=\"https:\/\/liforce.usthb.dz\/wp-content\/uploads\/2024\/02\/AFFICHE.jpg\"><strong>AFFICHE<\/strong><\/a><\/p>\n\n\n\n<p>Cliquer ici pour t\u00e9l\u00e9charger le <strong><a href=\"https:\/\/liforce.usthb.dz\/wp-content\/uploads\/2024\/02\/Recueil-des-resumes-1.pdf\">RECUEIL DES RESUMES<\/a><\/strong><\/p>\n\n\n\n<p><strong>&#8212;&#8212;&#8212;&#8212;&#8212;&#8212;&#8212;&#8212;&#8212;&#8212;&#8212;&#8212;&#8212;&#8212;&#8212;&#8212;&#8212;&#8212;&#8212;&#8212;&#8212;&#8212;&#8212;&#8212;&#8212;&#8212;&#8212;&#8212;&#8212;&#8212;&#8212;&#8212;&#8212;&#8212;&#8212;&#8212;&#8212;&#8212;&#8212;&#8212;&#8212;&#8212;-<strong>&#8212;-<\/strong>&#8212;<strong>&#8212;<\/strong>&#8211;<strong>&#8211;<\/strong><\/strong><\/p>\n\n\n\n<p>La deuxi\u00e8me \u00e9dition des journ\u00e9es scientifiques du laboratoire L\u2019IFORCE, JoLIFORCE\u20192016, a \u00e9t\u00e9 organis\u00e9e \u00e0 la Maison de la Science de l\u2019USTHB.<\/p>\n\n\n\n<p>Cette \u00e9dition s\u2019est d\u00e9roul\u00e9e le 21 Avril 2016, o\u00f9 il a \u00e9t\u00e9 retenu une conf\u00e9rence pl\u00e9ni\u00e8re et 11 communications orales.<\/p>\n\n\n\n<p>Cliquer ici pour t\u00e9l\u00e9charger l\u2019<a href=\"https:\/\/liforce.usthb.dz\/wp-content\/uploads\/2024\/02\/AFFICHE.pdf\"><strong>AFFICHE<\/strong><\/a><\/p>\n\n\n\n<p>Cliquer ici pour t\u00e9l\u00e9charger le <strong><a href=\"https:\/\/liforce.usthb.dz\/wp-content\/uploads\/2024\/02\/abookfina2016.pdf\">RECUEIL DES RESUMES<\/a><\/strong><\/p>\n\n\n\n<p><strong><strong>&#8212;&#8212;&#8212;&#8212;&#8212;&#8212;&#8212;&#8212;&#8212;&#8212;&#8212;&#8212;&#8212;&#8212;&#8212;&#8212;&#8212;&#8212;&#8212;&#8212;&#8212;&#8212;&#8212;&#8212;&#8212;&#8212;&#8212;&#8212;&#8212;&#8212;&#8212;&#8212;&#8212;&#8212;&#8212;&#8212;&#8212;&#8212;&#8212;&#8212;&#8212;&#8212;-<strong>&#8212;-<\/strong>&#8212;<strong>&#8212;<\/strong>&#8211;<strong>&#8211;<\/strong><\/strong><\/strong><\/p>\n\n\n\n<p>La troisi\u00e8me \u00e9dition des journ\u00e9es scientifiques du laboratoire L\u2019IFORCE, JoLIFORCE\u20192017, a \u00e9t\u00e9 organis\u00e9e \u00e0 la Facult\u00e9 de Math\u00e9matiques de l\u2019USTHB.<\/p>\n\n\n\n<p>Cette \u00e9dition s\u2019est d\u00e9roul\u00e9e le 27 Avril 2017 o\u00f9 il a \u00e9t\u00e9 retenu une conf\u00e9rence pl\u00e9ni\u00e8re et 8 communications orales.<\/p>\n\n\n\n<p>Cliquer ici pour t\u00e9l\u00e9charger l\u2019<a href=\"https:\/\/liforce.usthb.dz\/wp-content\/uploads\/2024\/02\/AFFICHE17.pdf\"><strong>AFFICHE<\/strong><\/a><\/p>\n\n\n\n<p>Cliquer ici pour t\u00e9l\u00e9charger le <strong><a href=\"https:\/\/liforce.usthb.dz\/wp-content\/uploads\/2024\/02\/Abook2017-1.pdf\">RECUEIL DES RESUMES<\/a><\/strong><\/p>\n\n\n\n<p><strong><strong>&#8212;&#8212;&#8212;&#8212;&#8212;&#8212;&#8212;&#8212;&#8212;&#8212;&#8212;&#8212;&#8212;&#8212;&#8212;&#8212;&#8212;&#8212;&#8212;&#8212;&#8212;&#8212;&#8212;&#8212;&#8212;&#8212;&#8212;&#8212;&#8212;&#8212;&#8212;&#8212;&#8212;&#8212;&#8212;&#8212;&#8212;&#8212;&#8212;&#8212;&#8212;&#8212;-<strong>&#8212;-<\/strong>&#8212;<strong>&#8212;<\/strong>&#8211;<strong>&#8211;<\/strong><\/strong><\/strong><\/p>\n\n\n\n<p>La quatri\u00e8me \u00e9dition des journ\u00e9es scientifiques du laboratoire L\u2019IFORCE, JoLIFORCE\u20192018, a \u00e9t\u00e9 organis\u00e9e \u00e0 la Facult\u00e9 de Math\u00e9matiques de l\u2019USTHB.<\/p>\n\n\n\n<p>Cette \u00e9dition s\u2019est d\u00e9roul\u00e9e le 30 Septembre 2018 o\u00f9 il a \u00e9t\u00e9 retenu 11 communications orales.<\/p>\n\n\n\n<p>Cliquer ici pour t\u00e9l\u00e9charger l\u2019<a href=\"https:\/\/liforce.usthb.dz\/wp-content\/uploads\/2024\/02\/affiche18.pdf\"><strong>AFFICHE<\/strong><\/a><\/p>\n\n\n\n<p>Cliquer ici pour t\u00e9l\u00e9charger le <strong><a href=\"https:\/\/liforce.usthb.dz\/wp-content\/uploads\/2024\/02\/abook2018.pdf\">RECUEIL DES RESUMES<\/a><\/strong><\/p>\n\n\n\n<p><strong><strong>&#8212;&#8212;&#8212;&#8212;&#8212;&#8212;&#8212;&#8212;&#8212;&#8212;&#8212;&#8212;&#8212;&#8212;&#8212;&#8212;&#8212;&#8212;&#8212;&#8212;&#8212;&#8212;&#8212;&#8212;&#8212;&#8212;&#8212;&#8212;&#8212;&#8212;&#8212;&#8212;&#8212;&#8212;&#8212;&#8212;&#8212;&#8212;&#8212;&#8212;&#8212;&#8212;-<strong>&#8212;-<\/strong>&#8212;<strong>&#8212;<\/strong>&#8211;<strong>&#8211;<\/strong><\/strong><\/strong><\/p>\n\n\n\n<p>La cinqui\u00e8me \u00e9dition des journ\u00e9es scientifiques du laboratoire L\u2019IFORCE, JoLIFORCE\u20192025, a \u00e9t\u00e9 organis\u00e9e \u00e0 la Facult\u00e9 de Math\u00e9matiques de l\u2019USTHB.<\/p>\n\n\n\n<p>Cette \u00e9dition s\u2019est d\u00e9roul\u00e9e le 16 Avril 2025 o\u00f9 il a \u00e9t\u00e9 retenu 2 conf\u00e9rences pl\u00e9ni\u00e8res et 10 communications orales.<\/p>\n\n\n\n<p>Cliquer ici pour t\u00e9l\u00e9charger l\u2019<a href=\"https:\/\/liforce.usthb.dz\/wp-content\/uploads\/2025\/06\/Affiche2025.pdf\" data-type=\"link\" data-id=\"https:\/\/liforce.usthb.dz\/wp-content\/uploads\/2025\/06\/Affiche2025.pdf\"><strong>AFFICHE<\/strong><\/a><\/p>\n\n\n\n<p><strong><strong>&#8212;&#8212;&#8212;&#8212;&#8212;&#8212;&#8212;&#8212;&#8212;&#8212;&#8212;&#8212;&#8212;&#8212;&#8212;&#8212;&#8212;&#8212;&#8212;&#8212;&#8212;&#8212;&#8212;&#8212;&#8212;&#8212;&#8212;&#8212;&#8212;&#8212;&#8212;&#8212;&#8212;&#8212;&#8212;&#8212;&#8212;&#8212;&#8212;&#8212;&#8212;&#8212;-<strong>&#8212;-<\/strong>&#8212;<strong>&#8212;<\/strong>&#8211;<strong>&#8211;<\/strong><\/strong><\/strong><\/p>\n\n\n\n<p>La sixi\u00e8me \u00e9dition des journ\u00e9es scientifiques du laboratoire L\u2019IFORCE, JoLIFORCE\u20192026, a \u00e9t\u00e9 organis\u00e9e \u00e0 la Facult\u00e9 de Math\u00e9matiques de l\u2019USTHB.<\/p>\n\n\n\n<p>Cette \u00e9dition s\u2019est d\u00e9roul\u00e9e le 16 Avril 2025 o\u00f9 il a \u00e9t\u00e9 retenu 2 conf\u00e9rences pl\u00e9ni\u00e8res et 10 communications orales.<\/p>\n\n\n\n<p>Cliquer ici pour t\u00e9l\u00e9charger le <a href=\"https:\/\/liforce.usthb.dz\/wp-content\/uploads\/2026\/04\/ProgrammeRecueil-des-resumes-compressed-compressed.pdf\" data-type=\"link\" data-id=\"https:\/\/liforce.usthb.dz\/wp-content\/uploads\/2026\/04\/ProgrammeRecueil-des-resumes-compressed-compressed.pdf\"><strong>PROGRAMME et le RECUEIL DES R\u00c9SUMES<\/strong><\/a><\/p>\n\n\n\n<p><strong><strong>&#8212;&#8212;&#8212;&#8212;&#8212;&#8212;&#8212;&#8212;&#8212;&#8212;&#8212;&#8212;&#8212;&#8212;&#8212;&#8212;&#8212;&#8212;&#8212;&#8212;&#8212;&#8212;&#8212;&#8212;&#8212;&#8212;&#8212;&#8212;&#8212;&#8212;&#8212;&#8212;&#8212;&#8212;&#8212;&#8212;&#8212;&#8212;&#8212;&#8212;&#8212;&#8212;-<strong>&#8212;-<\/strong>&#8212;<strong>&#8212;<\/strong>&#8211;<strong>&#8211;<\/strong><\/strong><\/strong><\/p>\n\n\n\n<p>Le laboratoire L\u2019IFORCE, en partenariat avec l&#8217;institut Al-Manahidj, a organis\u00e9 le 13 d\u00e9cembre 2018, une conf\u00e9rence pr\u00e9sent\u00e9e par le Professeur Ahmed Jabbar, intitul\u00e9e :&nbsp;<\/p>\n\n\n\n<h2 class=\"wp-block-heading\"><strong>&nbsp; &nbsp; &nbsp; &nbsp; &nbsp; &nbsp; &nbsp; &nbsp; &nbsp; &nbsp; &nbsp; &nbsp; &nbsp; &nbsp; &nbsp; &nbsp; &nbsp; &nbsp; &nbsp;\u0645\u0646 \u0627\u0644\u0642\u064a\u0631\u0648\u0627\u0646 \u0625\u0644\u0649 \u0642\u0631\u0637\u0628\u0629<\/strong><\/h2>\n\n\n\n<h2 class=\"wp-block-heading\"><strong>(\u0628\u0627\u0646\u0648\u0631\u0627\u0645\u0627 \u0627\u0644\u0623\u0646\u0634\u0637\u0629 \u0627\u0644\u0631\u064a\u0627\u0636\u064a\u0629 \u0641\u064a \u0627\u0644\u0645\u063a\u0631\u0628 \u0627\u0644\u0625\u0633\u0644\u0627\u0645\u064a (\u0627\u0644\u0642\u0631\u0646 \u0627\u0644\u062a\u0627\u0633\u0639 \u0648\u0627\u0644\u062a\u0627\u0633\u0639 \u0639\u0634\u0631<\/strong><\/h2>\n\n\n\n<p>&nbsp; &nbsp; &nbsp; &nbsp; &nbsp; &nbsp; <\/p>\n\n\n<div class=\"wp-block-image\">\n<figure class=\"aligncenter is-resized\"><img loading=\"lazy\" decoding=\"async\" width=\"1810\" height=\"2560\" src=\"https:\/\/liforce.usthb.dz\/wp-content\/uploads\/2024\/02\/\u0646\u062f\u0648\u0629-\u0627\u0644\u062f\u0643\u062a\u0648\u0631-2\u062c\u0628\u0627\u0631-2018-scaled.jpg\" alt=\"\" class=\"wp-image-386\" style=\"width:435px\" srcset=\"https:\/\/liforce.usthb.dz\/wp-content\/uploads\/2024\/02\/\u0646\u062f\u0648\u0629-\u0627\u0644\u062f\u0643\u062a\u0648\u0631-2\u062c\u0628\u0627\u0631-2018-scaled.jpg 1810w, https:\/\/liforce.usthb.dz\/wp-content\/uploads\/2024\/02\/\u0646\u062f\u0648\u0629-\u0627\u0644\u062f\u0643\u062a\u0648\u0631-2\u062c\u0628\u0627\u0631-2018-212x300.jpg 212w, https:\/\/liforce.usthb.dz\/wp-content\/uploads\/2024\/02\/\u0646\u062f\u0648\u0629-\u0627\u0644\u062f\u0643\u062a\u0648\u0631-2\u062c\u0628\u0627\u0631-2018-724x1024.jpg 724w, https:\/\/liforce.usthb.dz\/wp-content\/uploads\/2024\/02\/\u0646\u062f\u0648\u0629-\u0627\u0644\u062f\u0643\u062a\u0648\u0631-2\u062c\u0628\u0627\u0631-2018-768x1086.jpg 768w, https:\/\/liforce.usthb.dz\/wp-content\/uploads\/2024\/02\/\u0646\u062f\u0648\u0629-\u0627\u0644\u062f\u0643\u062a\u0648\u0631-2\u062c\u0628\u0627\u0631-2018-1086x1536.jpg 1086w, https:\/\/liforce.usthb.dz\/wp-content\/uploads\/2024\/02\/\u0646\u062f\u0648\u0629-\u0627\u0644\u062f\u0643\u062a\u0648\u0631-2\u062c\u0628\u0627\u0631-2018-1448x2048.jpg 1448w\" sizes=\"auto, (max-width: 1810px) 100vw, 1810px\" \/><\/figure><\/div>\n\n\n<p><strong>&#8212;&#8212;&#8212;&#8212;&#8212;&#8212;&#8212;&#8212;&#8212;&#8212;&#8212;&#8212;&#8212;&#8212;&#8212;&#8212;&#8212;&#8212;&#8212;&#8212;&#8212;&#8212;&#8212;&#8212;&#8212;&#8212;&#8212;&#8212;&#8211;<strong>&#8212;&#8212;&#8212;&#8212;&#8212;&#8212;&#8212;&#8212;&#8212;&#8211;<strong>&#8212;-<\/strong>&#8212;<strong>&#8212;<\/strong>&#8211;<strong>&#8211;<\/strong><\/strong><\/strong><\/p>\n\n\n\n<p class=\"has-text-align-center\"><strong>The international Hybrid Conference on : <\/strong><\/p>\n\n\n\n<p class=\"has-text-align-center\"><strong>Contributions of Applied Mathematics and Artificial Intelligence<\/strong> <\/p>\n\n\n\n<p class=\"has-text-align-center\"><strong>6-7 November 2024<\/strong><\/p>\n\n\n<div class=\"wp-block-image\">\n<figure class=\"aligncenter is-resized\"><img loading=\"lazy\" decoding=\"async\" width=\"1241\" height=\"1755\" src=\"https:\/\/liforce.usthb.dz\/wp-content\/uploads\/2024\/05\/BROCHURE-EN-Page1.jpg\" alt=\"\" class=\"wp-image-526\" style=\"width:435px\" srcset=\"https:\/\/liforce.usthb.dz\/wp-content\/uploads\/2024\/05\/BROCHURE-EN-Page1.jpg 1241w, https:\/\/liforce.usthb.dz\/wp-content\/uploads\/2024\/05\/BROCHURE-EN-Page1-212x300.jpg 212w, https:\/\/liforce.usthb.dz\/wp-content\/uploads\/2024\/05\/BROCHURE-EN-Page1-724x1024.jpg 724w, https:\/\/liforce.usthb.dz\/wp-content\/uploads\/2024\/05\/BROCHURE-EN-Page1-768x1086.jpg 768w, https:\/\/liforce.usthb.dz\/wp-content\/uploads\/2024\/05\/BROCHURE-EN-Page1-1086x1536.jpg 1086w\" sizes=\"auto, (max-width: 1241px) 100vw, 1241px\" \/><figcaption class=\"wp-element-caption\"><a href=\"https:\/\/liforce.usthb.dz\/wp-content\/uploads\/2024\/05\/BROCHURE-EN_compressed.pdf\">BROCHURE-EN_compressed<\/a><\/figcaption><\/figure><\/div>\n\n\n<p>En cliquant sur le lien suivant vous trouverez  tout ce qui concerne la conf\u00e9rence AMAIECO2024.<\/p>\n\n\n\n<p><a href=\"https:\/\/www.youtube.com\/watch?v=IFRQBR2EAEY\" target=\"_blank\" rel=\"noreferrer noopener\">#AMAIECO24 #callforpaper #international #conference #\u062f\u0639\u0648\u0629 \u0644\u0644\u0645\u0634\u0627\u0631\u0643\u0629 #\u0645\u0644\u062a\u0642\u0649 #\u062f\u0648\u0644\u064a<\/a><\/p>\n\n\n<div class=\"wp-block-image\">\n<figure class=\"aligncenter size-full is-resized\"><img loading=\"lazy\" decoding=\"async\" width=\"960\" height=\"640\" src=\"https:\/\/liforce.usthb.dz\/wp-content\/uploads\/2024\/11\/465468013_952883593534736_2774315533264392652_n-1.jpg\" alt=\"\" class=\"wp-image-885\" style=\"width:706px;height:auto\" srcset=\"https:\/\/liforce.usthb.dz\/wp-content\/uploads\/2024\/11\/465468013_952883593534736_2774315533264392652_n-1.jpg 960w, https:\/\/liforce.usthb.dz\/wp-content\/uploads\/2024\/11\/465468013_952883593534736_2774315533264392652_n-1-300x200.jpg 300w, https:\/\/liforce.usthb.dz\/wp-content\/uploads\/2024\/11\/465468013_952883593534736_2774315533264392652_n-1-768x512.jpg 768w, https:\/\/liforce.usthb.dz\/wp-content\/uploads\/2024\/11\/465468013_952883593534736_2774315533264392652_n-1-480x320.jpg 480w\" sizes=\"auto, (max-width: 960px) 100vw, 960px\" \/><\/figure><\/div>\n\n<div class=\"wp-block-image\">\n<figure class=\"aligncenter size-full is-resized\"><img loading=\"lazy\" decoding=\"async\" width=\"960\" height=\"640\" src=\"https:\/\/liforce.usthb.dz\/wp-content\/uploads\/2024\/11\/465653675_952884200201342_3454812828738416746_n-1.jpg\" alt=\"\" class=\"wp-image-887\" style=\"width:701px;height:auto\" srcset=\"https:\/\/liforce.usthb.dz\/wp-content\/uploads\/2024\/11\/465653675_952884200201342_3454812828738416746_n-1.jpg 960w, https:\/\/liforce.usthb.dz\/wp-content\/uploads\/2024\/11\/465653675_952884200201342_3454812828738416746_n-1-300x200.jpg 300w, https:\/\/liforce.usthb.dz\/wp-content\/uploads\/2024\/11\/465653675_952884200201342_3454812828738416746_n-1-768x512.jpg 768w, https:\/\/liforce.usthb.dz\/wp-content\/uploads\/2024\/11\/465653675_952884200201342_3454812828738416746_n-1-480x320.jpg 480w\" sizes=\"auto, (max-width: 960px) 100vw, 960px\" \/><\/figure><\/div>\n\n<div class=\"wp-block-image\">\n<figure class=\"aligncenter size-large is-resized\"><img loading=\"lazy\" decoding=\"async\" width=\"1024\" height=\"682\" src=\"https:\/\/liforce.usthb.dz\/wp-content\/uploads\/2024\/11\/24-11-08_18-43-25-980-1024x682.jpg\" alt=\"\" class=\"wp-image-889\" style=\"width:703px;height:auto\" srcset=\"https:\/\/liforce.usthb.dz\/wp-content\/uploads\/2024\/11\/24-11-08_18-43-25-980-1024x682.jpg 1024w, https:\/\/liforce.usthb.dz\/wp-content\/uploads\/2024\/11\/24-11-08_18-43-25-980-300x200.jpg 300w, https:\/\/liforce.usthb.dz\/wp-content\/uploads\/2024\/11\/24-11-08_18-43-25-980-768x512.jpg 768w, https:\/\/liforce.usthb.dz\/wp-content\/uploads\/2024\/11\/24-11-08_18-43-25-980-480x320.jpg 480w, https:\/\/liforce.usthb.dz\/wp-content\/uploads\/2024\/11\/24-11-08_18-43-25-980.jpg 1280w\" sizes=\"auto, (max-width: 1024px) 100vw, 1024px\" \/><\/figure><\/div>\n\n\n<p class=\"has-text-align-center has-normal-font-size\"><strong><a href=\"https:\/\/www.facebook.com\/watch\/?v=537982765687130&amp;rdid=PplzjROdkO6T3AqZ\">\u0643\u0644\u0645\u0629 \u0644\u0644\u062f\u0643\u062a\u0648\u0631 \u0635\u0627\u062f\u0642 \u0628\u0648\u0631\u0648\u0628\u064a \u0645\u062f\u064a\u0631 \u0645\u062e\u0628\u0631 \u0627\u0644\u0639\u0644\u0648\u0645 \u0627\u0644\u0623\u0633\u0627\u0633\u064a\u0629 \u0641\u064a \u0627\u0644\u0627\u0639\u0644\u0627\u0645 \u0627\u0644\u0622\u0644\u064a \u0648\u0627\u0644\u0628\u062d\u0648\u062b \u0648\u0627\u0644\u0627\u0642\u062a\u0635\u0627\u062f \u0627\u0644\u0633\u064a\u0627\u0633\u064a<\/a><\/strong><\/p>\n\n\n<div class=\"wp-block-image\">\n<figure class=\"aligncenter size-full is-resized\"><img decoding=\"async\" src=\"https:\/\/liforce.usthb.dz\/wp-content\/uploads\/2024\/11\/465704029_952883626868066_1410355996040947377_n-1.jpg\" alt=\"\" class=\"wp-image-910\" style=\"width:702px;height:auto\"\/><\/figure><\/div>\n\n<div class=\"wp-block-image\">\n<figure class=\"aligncenter size-full is-resized\"><img loading=\"lazy\" decoding=\"async\" width=\"960\" height=\"540\" src=\"https:\/\/liforce.usthb.dz\/wp-content\/uploads\/2024\/11\/Design-sans-titre-1.png\" alt=\"\" class=\"wp-image-904\" style=\"width:700px;height:auto\" srcset=\"https:\/\/liforce.usthb.dz\/wp-content\/uploads\/2024\/11\/Design-sans-titre-1.png 960w, https:\/\/liforce.usthb.dz\/wp-content\/uploads\/2024\/11\/Design-sans-titre-1-300x169.png 300w, https:\/\/liforce.usthb.dz\/wp-content\/uploads\/2024\/11\/Design-sans-titre-1-768x432.png 768w\" sizes=\"auto, (max-width: 960px) 100vw, 960px\" \/><\/figure><\/div>\n\n<div class=\"wp-block-image\">\n<figure class=\"aligncenter size-full is-resized\"><img loading=\"lazy\" decoding=\"async\" width=\"960\" height=\"640\" src=\"https:\/\/liforce.usthb.dz\/wp-content\/uploads\/2024\/11\/465740308_952883420201420_4114584658453683663_n-1.jpg\" alt=\"\" class=\"wp-image-891\" style=\"width:693px;height:auto\" srcset=\"https:\/\/liforce.usthb.dz\/wp-content\/uploads\/2024\/11\/465740308_952883420201420_4114584658453683663_n-1.jpg 960w, https:\/\/liforce.usthb.dz\/wp-content\/uploads\/2024\/11\/465740308_952883420201420_4114584658453683663_n-1-300x200.jpg 300w, https:\/\/liforce.usthb.dz\/wp-content\/uploads\/2024\/11\/465740308_952883420201420_4114584658453683663_n-1-768x512.jpg 768w, https:\/\/liforce.usthb.dz\/wp-content\/uploads\/2024\/11\/465740308_952883420201420_4114584658453683663_n-1-480x320.jpg 480w\" sizes=\"auto, (max-width: 960px) 100vw, 960px\" \/><\/figure><\/div>\n\n<div class=\"wp-block-image\">\n<figure class=\"aligncenter size-full is-resized\"><img decoding=\"async\" src=\"https:\/\/liforce.usthb.dz\/wp-content\/uploads\/2024\/11\/465928486_952883326868096_2155607097620856018_n-1.jpg\" alt=\"\" class=\"wp-image-908\" style=\"width:696px;height:auto\"\/><\/figure><\/div>\n\n<div class=\"wp-block-image\">\n<figure class=\"aligncenter size-full is-resized\"><img loading=\"lazy\" decoding=\"async\" width=\"960\" height=\"640\" src=\"https:\/\/liforce.usthb.dz\/wp-content\/uploads\/2024\/11\/20a28643-0636-4937-a38a-de4893deef06.png\" alt=\"\" class=\"wp-image-893\" style=\"width:692px;height:auto\" srcset=\"https:\/\/liforce.usthb.dz\/wp-content\/uploads\/2024\/11\/20a28643-0636-4937-a38a-de4893deef06.png 960w, https:\/\/liforce.usthb.dz\/wp-content\/uploads\/2024\/11\/20a28643-0636-4937-a38a-de4893deef06-300x200.png 300w, https:\/\/liforce.usthb.dz\/wp-content\/uploads\/2024\/11\/20a28643-0636-4937-a38a-de4893deef06-768x512.png 768w, https:\/\/liforce.usthb.dz\/wp-content\/uploads\/2024\/11\/20a28643-0636-4937-a38a-de4893deef06-480x320.png 480w\" sizes=\"auto, (max-width: 960px) 100vw, 960px\" \/><\/figure><\/div>\n\n<div class=\"wp-block-image\">\n<figure class=\"aligncenter size-full is-resized\"><img loading=\"lazy\" decoding=\"async\" width=\"800\" height=\"600\" src=\"https:\/\/liforce.usthb.dz\/wp-content\/uploads\/2024\/11\/Design-sans-titre-3.png\" alt=\"\" class=\"wp-image-898\" style=\"width:685px;height:auto\" srcset=\"https:\/\/liforce.usthb.dz\/wp-content\/uploads\/2024\/11\/Design-sans-titre-3.png 800w, https:\/\/liforce.usthb.dz\/wp-content\/uploads\/2024\/11\/Design-sans-titre-3-300x225.png 300w, https:\/\/liforce.usthb.dz\/wp-content\/uploads\/2024\/11\/Design-sans-titre-3-768x576.png 768w\" sizes=\"auto, (max-width: 800px) 100vw, 800px\" \/><\/figure><\/div>\n\n<div class=\"wp-block-image\">\n<figure class=\"aligncenter size-large is-resized\"><img loading=\"lazy\" decoding=\"async\" width=\"1024\" height=\"461\" src=\"https:\/\/liforce.usthb.dz\/wp-content\/uploads\/2024\/11\/20241106_094329_Image-Enhancer-1024x461.jpg\" alt=\"\" class=\"wp-image-906\" style=\"width:682px;height:auto\" srcset=\"https:\/\/liforce.usthb.dz\/wp-content\/uploads\/2024\/11\/20241106_094329_Image-Enhancer-1024x461.jpg 1024w, https:\/\/liforce.usthb.dz\/wp-content\/uploads\/2024\/11\/20241106_094329_Image-Enhancer-300x135.jpg 300w, https:\/\/liforce.usthb.dz\/wp-content\/uploads\/2024\/11\/20241106_094329_Image-Enhancer-768x346.jpg 768w, https:\/\/liforce.usthb.dz\/wp-content\/uploads\/2024\/11\/20241106_094329_Image-Enhancer-1536x691.jpg 1536w, https:\/\/liforce.usthb.dz\/wp-content\/uploads\/2024\/11\/20241106_094329_Image-Enhancer-2048x922.jpg 2048w\" sizes=\"auto, (max-width: 1024px) 100vw, 1024px\" \/><\/figure><\/div>\n\n<div class=\"wp-block-image\">\n<figure class=\"aligncenter size-large is-resized\"><img loading=\"lazy\" decoding=\"async\" width=\"1024\" height=\"683\" src=\"https:\/\/liforce.usthb.dz\/wp-content\/uploads\/2024\/11\/Design-sans-titre-2-1024x683.png\" alt=\"\" class=\"wp-image-900\" style=\"width:685px;height:auto\" srcset=\"https:\/\/liforce.usthb.dz\/wp-content\/uploads\/2024\/11\/Design-sans-titre-2-1024x683.png 1024w, https:\/\/liforce.usthb.dz\/wp-content\/uploads\/2024\/11\/Design-sans-titre-2-300x200.png 300w, https:\/\/liforce.usthb.dz\/wp-content\/uploads\/2024\/11\/Design-sans-titre-2-768x512.png 768w, https:\/\/liforce.usthb.dz\/wp-content\/uploads\/2024\/11\/Design-sans-titre-2-480x320.png 480w, https:\/\/liforce.usthb.dz\/wp-content\/uploads\/2024\/11\/Design-sans-titre-2.png 1280w\" sizes=\"auto, (max-width: 1024px) 100vw, 1024px\" \/><\/figure><\/div>\n\n<div class=\"wp-block-image\">\n<figure class=\"aligncenter size-full is-resized\"><img loading=\"lazy\" decoding=\"async\" width=\"960\" height=\"640\" src=\"https:\/\/liforce.usthb.dz\/wp-content\/uploads\/2024\/11\/20241106_120050.jpg\" alt=\"\" class=\"wp-image-901\" style=\"width:684px;height:auto\" srcset=\"https:\/\/liforce.usthb.dz\/wp-content\/uploads\/2024\/11\/20241106_120050.jpg 960w, https:\/\/liforce.usthb.dz\/wp-content\/uploads\/2024\/11\/20241106_120050-300x200.jpg 300w, https:\/\/liforce.usthb.dz\/wp-content\/uploads\/2024\/11\/20241106_120050-768x512.jpg 768w, https:\/\/liforce.usthb.dz\/wp-content\/uploads\/2024\/11\/20241106_120050-480x320.jpg 480w\" sizes=\"auto, (max-width: 960px) 100vw, 960px\" \/><\/figure><\/div>\n\n<div class=\"wp-block-image\">\n<figure class=\"aligncenter size-full is-resized\"><img loading=\"lazy\" decoding=\"async\" width=\"960\" height=\"640\" src=\"https:\/\/liforce.usthb.dz\/wp-content\/uploads\/2024\/11\/20241106_131314.jpg\" alt=\"\" class=\"wp-image-902\" style=\"width:684px;height:auto\" srcset=\"https:\/\/liforce.usthb.dz\/wp-content\/uploads\/2024\/11\/20241106_131314.jpg 960w, https:\/\/liforce.usthb.dz\/wp-content\/uploads\/2024\/11\/20241106_131314-300x200.jpg 300w, https:\/\/liforce.usthb.dz\/wp-content\/uploads\/2024\/11\/20241106_131314-768x512.jpg 768w, https:\/\/liforce.usthb.dz\/wp-content\/uploads\/2024\/11\/20241106_131314-480x320.jpg 480w\" sizes=\"auto, (max-width: 960px) 100vw, 960px\" \/><\/figure><\/div>\n\n<div class=\"wp-block-image\">\n<figure class=\"aligncenter size-full is-resized\"><img loading=\"lazy\" decoding=\"async\" width=\"493\" height=\"960\" src=\"https:\/\/liforce.usthb.dz\/wp-content\/uploads\/2024\/11\/IMG-20241111-WA0007.jpg\" alt=\"\" class=\"wp-image-929\" style=\"width:683px;height:auto\" srcset=\"https:\/\/liforce.usthb.dz\/wp-content\/uploads\/2024\/11\/IMG-20241111-WA0007.jpg 493w, https:\/\/liforce.usthb.dz\/wp-content\/uploads\/2024\/11\/IMG-20241111-WA0007-154x300.jpg 154w\" sizes=\"auto, (max-width: 493px) 100vw, 493px\" \/><\/figure><\/div>\n\n\n<p class=\"has-text-align-center\">Pour plus d&#8217;information cliquer sur : <a href=\"https:\/\/fsecg.univ-alger3.dz\/?p=2680\" target=\"_blank\" rel=\"noreferrer noopener\">https:\/\/fsecg.univ-alger3.dz\/?p=2680<\/a><\/p>\n\n\n\n<p><strong>&#8212;&#8212;&#8212;&#8212;&#8212;&#8212;&#8212;&#8212;&#8212;&#8212;&#8212;&#8212;&#8212;&#8212;&#8212;&#8212;&#8212;&#8212;&#8212;&#8212;&#8212;&#8212;&#8212;&#8212;&#8212;&#8212;&#8212;&#8212;&#8211;<strong>&#8212;&#8212;&#8212;&#8212;&#8212;&#8212;&#8212;&#8212;&#8212;&#8211;<strong>&#8212;-<\/strong>&#8212;<strong>&#8212;<\/strong>&#8211;<strong>&#8211;<\/strong><\/strong><\/strong><\/p>\n\n\n\n<figure class=\"wp-block-image size-full\"><img decoding=\"async\" src=\"https:\/\/liforce.usthb.dz\/wp-content\/uploads\/2025\/04\/image-1.png\" alt=\"This image has an empty alt attribute; its file name is INAS.png\" class=\"wp-image-969\"\/><\/figure>\n\n\n\n<p class=\"has-text-align-center\"><strong><a href=\"https:\/\/youtu.be\/7CEtyRz-yIM?t=4\" data-type=\"link\" data-id=\"https:\/\/youtu.be\/7CEtyRz-yIM?t=4\" target=\"_blank\" rel=\"noreferrer noopener\">\u0628\u0645\u0646\u0627\u0633\u0628\u0629 \u0627\u0644\u064a\u0648\u0645 \u0627\u0644\u0639\u0627\u0644\u0645\u064a \u0644\u0644\u0631\u064a\u0627\u0636\u064a\u0627\u062a \u0648\u0627\u0644\u0630\u064a \u064a\u0635\u0627\u062f\u0641 \u0627\u0644\u0631\u0627\u0628\u0639 \u0639\u0634\u0631 \u0645\u0646 \u0645\u0627\u0631\u0633\u060c \u062a\u0633\u062a\u0636\u064a\u0641 \u0627\u0644\u0634\u0628\u0643\u0629 \u0627\u0644\u0639\u0627\u0644\u0645\u064a\u0629 \u0644\u0644\u0639\u0644\u0645\u0627\u0621 \u0627\u0644\u062c\u0632\u0627\u0626\u0631\u064a\u064a\u0646 (\u0625\u064a\u0646\u0627\u0633)<\/a><\/strong><\/p>\n\n\n\n<p><\/p>\n\n\n\n<hr class=\"wp-block-separator has-alpha-channel-opacity\"\/>\n","protected":false},"excerpt":{"rendered":"<p>\u200b &nbsp;Journ\u00e9es du Laboratoire JoLIFORCE&nbsp;: La premi\u00e8re \u00e9dition des journ\u00e9es scientifiques du laboratoire L\u2019IFORCE, JoLIFORCE\u20192014, a \u00e9t\u00e9 organis\u00e9e en partenariat avec l\u2019Institut Sup\u00e9rieur de Gestion et de Planification (ISGP). Ces journ\u00e9es se sont d\u00e9roul\u00e9es le lundi 30 Novembre et le <span class=\"readmore\"><a href=\"https:\/\/liforce.usthb.dz\/index.php\/activites\/\">Continue Reading<\/a><\/span><\/p>\n","protected":false},"author":1,"featured_media":0,"parent":0,"menu_order":0,"comment_status":"closed","ping_status":"closed","template":"","meta":{"footnotes":""},"class_list":["post-11","page","type-page","status-publish","hentry"],"_links":{"self":[{"href":"https:\/\/liforce.usthb.dz\/index.php\/wp-json\/wp\/v2\/pages\/11","targetHints":{"allow":["GET"]}}],"collection":[{"href":"https:\/\/liforce.usthb.dz\/index.php\/wp-json\/wp\/v2\/pages"}],"about":[{"href":"https:\/\/liforce.usthb.dz\/index.php\/wp-json\/wp\/v2\/types\/page"}],"author":[{"embeddable":true,"href":"https:\/\/liforce.usthb.dz\/index.php\/wp-json\/wp\/v2\/users\/1"}],"replies":[{"embeddable":true,"href":"https:\/\/liforce.usthb.dz\/index.php\/wp-json\/wp\/v2\/comments?post=11"}],"version-history":[{"count":79,"href":"https:\/\/liforce.usthb.dz\/index.php\/wp-json\/wp\/v2\/pages\/11\/revisions"}],"predecessor-version":[{"id":1057,"href":"https:\/\/liforce.usthb.dz\/index.php\/wp-json\/wp\/v2\/pages\/11\/revisions\/1057"}],"wp:attachment":[{"href":"https:\/\/liforce.usthb.dz\/index.php\/wp-json\/wp\/v2\/media?parent=11"}],"curies":[{"name":"wp","href":"https:\/\/api.w.org\/{rel}","templated":true}]}}